{"id":4225,"date":"2021-03-10T12:07:06","date_gmt":"2021-03-10T11:07:06","guid":{"rendered":"https:\/\/www.theaterhotelvenlo.nl\/?page_id=4225"},"modified":"2021-11-27T12:00:20","modified_gmt":"2021-11-27T11:00:20","slug":"vervoer-luchthaven","status":"publish","type":"page","link":"https:\/\/www.theaterhotelvenlo.nl\/de\/vervoer-luchthaven\/","title":{"rendered":"Flughafentransport"},"content":{"rendered":"<div data-elementor-type=\"wp-page\" data-elementor-id=\"4225\" class=\"elementor elementor-4225\">\n\t\t\t\t\t\t<div class=\"elementor-inner\">\n\t\t\t\t<div class=\"elementor-section-wrap\">\n\t\t\t\t\t\t\t\t\t<section class=\"elementor-section elementor-top-section elementor-element elementor-element-71f9f713 elementor-section-full_width elementor-section-height-min-height elementor-section-items-bottom thvenloMaxheight elementor-section-height-default\" data-id=\"71f9f713\" data-element_type=\"section\" data-settings=\"{&quot;background_background&quot;:&quot;slideshow&quot;,&quot;background_slideshow_gallery&quot;:[{&quot;id&quot;:4364,&quot;url&quot;:&quot;https:\\\/\\\/www.theaterhotelvenlo.nl\\\/wp-content\\\/uploads\\\/2021\\\/03\\\/TheaterHotel-030718-09-2-1.jpg&quot;}],&quot;background_slideshow_loop&quot;:&quot;yes&quot;,&quot;background_slideshow_slide_duration&quot;:5000,&quot;background_slideshow_slide_transition&quot;:&quot;fade&quot;,&quot;background_slideshow_transition_duration&quot;:500}\">\n\t\t\t\t\t\t<div class=\"elementor-container elementor-column-gap-default\">\n\t\t\t\t\t\t\t<div class=\"elementor-row\">\n\t\t\t\t\t<div class=\"elementor-column elementor-col-100 elementor-top-column elementor-element elementor-element-62dd0426\" data-id=\"62dd0426\" data-element_type=\"column\" data-settings=\"{&quot;background_background&quot;:&quot;classic&quot;}\">\n\t\t\t<div class=\"elementor-column-wrap\">\n\t\t\t\t\t<div class=\"elementor-background-overlay\"><\/div>\n\t\t\t\t\t\t\t<div class=\"elementor-widget-wrap\">\n\t\t\t\t\t\t\t\t<\/div>\n\t\t\t\t\t<\/div>\n\t\t<\/div>\n\t\t\t\t\t\t\t\t<\/div>\n\t\t\t\t\t<\/div>\n\t\t<\/section>\n\t\t\t\t<section class=\"elementor-section elementor-top-section elementor-element elementor-element-3d419fc6 elementor-section-full_width elementor-section-content-middle elementor-section-height-min-height elementor-section-height-default elementor-section-items-middle\" data-id=\"3d419fc6\" data-element_type=\"section\" data-settings=\"{&quot;background_background&quot;:&quot;classic&quot;}\">\n\t\t\t\t\t\t<div class=\"elementor-container elementor-column-gap-no\">\n\t\t\t\t\t\t\t<div class=\"elementor-row\">\n\t\t\t\t\t<div class=\"elementor-column elementor-col-25 elementor-top-column elementor-element elementor-element-6fad52f0\" data-id=\"6fad52f0\" data-element_type=\"column\" data-settings=\"{&quot;background_background&quot;:&quot;classic&quot;}\">\n\t\t\t<div class=\"elementor-column-wrap elementor-element-populated\">\n\t\t\t\t\t\t\t<div class=\"elementor-widget-wrap\">\n\t\t\t\t\t\t<div class=\"elementor-element elementor-element-718a07d6 elementor-widget elementor-widget-image\" data-id=\"718a07d6\" data-element_type=\"widget\" data-widget_type=\"image.default\">\n\t\t\t\t<div class=\"elementor-widget-container\">\n\t\t\t\t\t\t\t\t<div class=\"elementor-image\">\n\t\t\t\t\t\t\t\t\t\t\t\t<img decoding=\"async\" width=\"750\" height=\"405\" src=\"https:\/\/www.theaterhotelvenlo.nl\/wp-content\/uploads\/2021\/05\/viersterren-1.png\" class=\"attachment-large size-large wp-image-5522\" alt=\"\" loading=\"lazy\" srcset=\"https:\/\/www.theaterhotelvenlo.nl\/wp-content\/uploads\/2021\/05\/viersterren-1.png 750w, https:\/\/www.theaterhotelvenlo.nl\/wp-content\/uploads\/2021\/05\/viersterren-1-300x162.png 300w\" sizes=\"(max-width: 750px) 100vw, 750px\" \/>\t\t\t\t\t\t\t\t\t\t\t\t\t\t<\/div>\n\t\t\t\t\t\t<\/div>\n\t\t\t\t<\/div>\n\t\t\t\t\t\t<\/div>\n\t\t\t\t\t<\/div>\n\t\t<\/div>\n\t\t\t\t<div class=\"elementor-column elementor-col-25 elementor-top-column elementor-element elementor-element-521caabf\" data-id=\"521caabf\" data-element_type=\"column\" data-settings=\"{&quot;background_background&quot;:&quot;classic&quot;}\">\n\t\t\t<div class=\"elementor-column-wrap elementor-element-populated\">\n\t\t\t\t\t\t\t<div class=\"elementor-widget-wrap\">\n\t\t\t\t\t\t<div class=\"elementor-element elementor-element-510a4df9 elementor-widget elementor-widget-image\" data-id=\"510a4df9\" data-element_type=\"widget\" data-widget_type=\"image.default\">\n\t\t\t\t<div class=\"elementor-widget-container\">\n\t\t\t\t\t\t\t\t<div class=\"elementor-image\">\n\t\t\t\t\t\t\t\t\t\t\t\t<img decoding=\"async\" width=\"1024\" height=\"429\" src=\"https:\/\/www.theaterhotelvenlo.nl\/wp-content\/uploads\/2021\/05\/Booking.com-rating-1024x429.png\" class=\"attachment-large size-large wp-image-5523\" alt=\"\" loading=\"lazy\" srcset=\"https:\/\/www.theaterhotelvenlo.nl\/wp-content\/uploads\/2021\/05\/Booking.com-rating-1024x429.png 1024w, https:\/\/www.theaterhotelvenlo.nl\/wp-content\/uploads\/2021\/05\/Booking.com-rating-300x126.png 300w, https:\/\/www.theaterhotelvenlo.nl\/wp-content\/uploads\/2021\/05\/Booking.com-rating-768x321.png 768w, https:\/\/www.theaterhotelvenlo.nl\/wp-content\/uploads\/2021\/05\/Booking.com-rating.png 1276w\" sizes=\"(max-width: 1024px) 100vw, 1024px\" \/>\t\t\t\t\t\t\t\t\t\t\t\t\t\t<\/div>\n\t\t\t\t\t\t<\/div>\n\t\t\t\t<\/div>\n\t\t\t\t\t\t<\/div>\n\t\t\t\t\t<\/div>\n\t\t<\/div>\n\t\t\t\t<div class=\"elementor-column elementor-col-25 elementor-top-column elementor-element elementor-element-7c5b3a90\" data-id=\"7c5b3a90\" data-element_type=\"column\" data-settings=\"{&quot;background_background&quot;:&quot;classic&quot;}\">\n\t\t\t<div class=\"elementor-column-wrap elementor-element-populated\">\n\t\t\t\t\t\t\t<div class=\"elementor-widget-wrap\">\n\t\t\t\t\t\t<div class=\"elementor-element elementor-element-716b3c49 elementor-widget elementor-widget-image\" data-id=\"716b3c49\" data-element_type=\"widget\" data-widget_type=\"image.default\">\n\t\t\t\t<div class=\"elementor-widget-container\">\n\t\t\t\t\t\t\t\t<div class=\"elementor-image\">\n\t\t\t\t\t\t\t\t\t\t\t\t<img decoding=\"async\" width=\"1024\" height=\"429\" src=\"https:\/\/www.theaterhotelvenlo.nl\/wp-content\/uploads\/2021\/05\/luxury-lifestyle-award-1024x429.png\" class=\"attachment-large size-large wp-image-5521\" alt=\"\" loading=\"lazy\" srcset=\"https:\/\/www.theaterhotelvenlo.nl\/wp-content\/uploads\/2021\/05\/luxury-lifestyle-award-1024x429.png 1024w, https:\/\/www.theaterhotelvenlo.nl\/wp-content\/uploads\/2021\/05\/luxury-lifestyle-award-300x126.png 300w, https:\/\/www.theaterhotelvenlo.nl\/wp-content\/uploads\/2021\/05\/luxury-lifestyle-award-768x321.png 768w, https:\/\/www.theaterhotelvenlo.nl\/wp-content\/uploads\/2021\/05\/luxury-lifestyle-award.png 1276w\" sizes=\"(max-width: 1024px) 100vw, 1024px\" \/>\t\t\t\t\t\t\t\t\t\t\t\t\t\t<\/div>\n\t\t\t\t\t\t<\/div>\n\t\t\t\t<\/div>\n\t\t\t\t\t\t<\/div>\n\t\t\t\t\t<\/div>\n\t\t<\/div>\n\t\t\t\t<div class=\"elementor-column elementor-col-25 elementor-top-column elementor-element elementor-element-38b49497\" data-id=\"38b49497\" data-element_type=\"column\" data-settings=\"{&quot;background_background&quot;:&quot;classic&quot;}\">\n\t\t\t<div class=\"elementor-column-wrap elementor-element-populated\">\n\t\t\t\t\t\t\t<div class=\"elementor-widget-wrap\">\n\t\t\t\t\t\t<div class=\"elementor-element elementor-element-59cd4223 elementor-widget elementor-widget-image\" data-id=\"59cd4223\" data-element_type=\"widget\" data-widget_type=\"image.default\">\n\t\t\t\t<div class=\"elementor-widget-container\">\n\t\t\t\t\t\t\t\t<div class=\"elementor-image\">\n\t\t\t\t\t\t\t\t\t\t\t\t<img decoding=\"async\" width=\"1024\" height=\"429\" src=\"https:\/\/www.theaterhotelvenlo.nl\/wp-content\/uploads\/2021\/05\/hotello-top-2021-1024x429.png\" class=\"attachment-large size-large wp-image-5524\" alt=\"\" loading=\"lazy\" srcset=\"https:\/\/www.theaterhotelvenlo.nl\/wp-content\/uploads\/2021\/05\/hotello-top-2021-1024x429.png 1024w, https:\/\/www.theaterhotelvenlo.nl\/wp-content\/uploads\/2021\/05\/hotello-top-2021-300x126.png 300w, https:\/\/www.theaterhotelvenlo.nl\/wp-content\/uploads\/2021\/05\/hotello-top-2021-768x321.png 768w, https:\/\/www.theaterhotelvenlo.nl\/wp-content\/uploads\/2021\/05\/hotello-top-2021.png 1276w\" sizes=\"(max-width: 1024px) 100vw, 1024px\" \/>\t\t\t\t\t\t\t\t\t\t\t\t\t\t<\/div>\n\t\t\t\t\t\t<\/div>\n\t\t\t\t<\/div>\n\t\t\t\t\t\t<\/div>\n\t\t\t\t\t<\/div>\n\t\t<\/div>\n\t\t\t\t\t\t\t\t<\/div>\n\t\t\t\t\t<\/div>\n\t\t<\/section>\n\t\t\t\t<section class=\"elementor-section elementor-top-section elementor-element elementor-element-770007a4 elementor-section-full_width elementor-section-height-default elementor-section-height-default\" data-id=\"770007a4\" data-element_type=\"section\" data-settings=\"{&quot;background_background&quot;:&quot;classic&quot;}\">\n\t\t\t\t\t\t<div class=\"elementor-container elementor-column-gap-no\">\n\t\t\t\t\t\t\t<div class=\"elementor-row\">\n\t\t\t\t\t<div class=\"elementor-column elementor-col-50 elementor-top-column elementor-element elementor-element-607e7e21\" data-id=\"607e7e21\" data-element_type=\"column\">\n\t\t\t<div class=\"elementor-column-wrap elementor-element-populated\">\n\t\t\t\t\t\t\t<div class=\"elementor-widget-wrap\">\n\t\t\t\t\t\t<div class=\"elementor-element elementor-element-3e92c203 elementor-widget elementor-widget-image\" data-id=\"3e92c203\" data-element_type=\"widget\" data-widget_type=\"image.default\">\n\t\t\t\t<div class=\"elementor-widget-container\">\n\t\t\t\t\t\t\t\t<div class=\"elementor-image\">\n\t\t\t\t\t\t\t\t\t\t\t\t<img decoding=\"async\" width=\"1400\" height=\"1050\" src=\"https:\/\/www.theaterhotelvenlo.nl\/wp-content\/uploads\/2021\/03\/pexels-sourav-mishra-1309644-1.jpg\" class=\"attachment-2048x2048 size-2048x2048 wp-image-4407\" alt=\"\" loading=\"lazy\" srcset=\"https:\/\/www.theaterhotelvenlo.nl\/wp-content\/uploads\/2021\/03\/pexels-sourav-mishra-1309644-1.jpg 1400w, https:\/\/www.theaterhotelvenlo.nl\/wp-content\/uploads\/2021\/03\/pexels-sourav-mishra-1309644-1-300x225.jpg 300w, https:\/\/www.theaterhotelvenlo.nl\/wp-content\/uploads\/2021\/03\/pexels-sourav-mishra-1309644-1-1024x768.jpg 1024w, https:\/\/www.theaterhotelvenlo.nl\/wp-content\/uploads\/2021\/03\/pexels-sourav-mishra-1309644-1-768x576.jpg 768w\" sizes=\"(max-width: 1400px) 100vw, 1400px\" \/>\t\t\t\t\t\t\t\t\t\t\t\t\t\t<\/div>\n\t\t\t\t\t\t<\/div>\n\t\t\t\t<\/div>\n\t\t\t\t\t\t<\/div>\n\t\t\t\t\t<\/div>\n\t\t<\/div>\n\t\t\t\t<div class=\"elementor-column elementor-col-50 elementor-top-column elementor-element elementor-element-3082a7d3\" data-id=\"3082a7d3\" data-element_type=\"column\" data-settings=\"{&quot;background_background&quot;:&quot;classic&quot;}\">\n\t\t\t<div class=\"elementor-column-wrap elementor-element-populated\">\n\t\t\t\t\t\t\t<div class=\"elementor-widget-wrap\">\n\t\t\t\t\t\t<div class=\"elementor-element elementor-element-54fd632a elementor-widget elementor-widget-text-editor\" data-id=\"54fd632a\" data-element_type=\"widget\" data-widget_type=\"text-editor.default\">\n\t\t\t\t<div class=\"elementor-widget-container\">\n\t\t\t\t\t\t\t\t<div class=\"elementor-text-editor elementor-clearfix translation-block\"><b>Transport<\/b>Flughafen<\/div>\n\t\t\t\t\t\t<\/div>\n\t\t\t\t<\/div>\n\t\t\t\t<section class=\"elementor-section elementor-inner-section elementor-element elementor-element-db8aec3 elementor-section-boxed elementor-section-height-default elementor-section-height-default\" data-id=\"db8aec3\" data-element_type=\"section\" data-settings=\"{&quot;background_background&quot;:&quot;classic&quot;}\">\n\t\t\t\t\t\t<div class=\"elementor-container elementor-column-gap-default\">\n\t\t\t\t\t\t\t<div class=\"elementor-row\">\n\t\t\t\t\t<div class=\"elementor-column elementor-col-100 elementor-inner-column elementor-element elementor-element-f7032d7\" data-id=\"f7032d7\" data-element_type=\"column\">\n\t\t\t<div class=\"elementor-column-wrap elementor-element-populated\">\n\t\t\t\t\t\t\t<div class=\"elementor-widget-wrap\">\n\t\t\t\t\t\t<div class=\"elementor-element elementor-element-2702dd2f elementor-widget elementor-widget-text-editor\" data-id=\"2702dd2f\" data-element_type=\"widget\" data-widget_type=\"text-editor.default\">\n\t\t\t\t<div class=\"elementor-widget-container\">\n\t\t\t\t\t\t\t\t<div class=\"elementor-text-editor elementor-clearfix\">\n\t\t\t\t<p>Venlo ist der Logistik-Hotspot Nummer eins in den Niederlanden und daher \u00fcber die Direktverbindungen A73, A74 und A67 gut erreichbar. Das Theaterhotel liegt in einer Stadt neben den Flugh\u00e4fen Weeze (30 Minuten), D\u00fcsseldorf (35 Minuten), Eindhoven (40 Minuten) und Maastricht (45 Minuten). Venlo liegt an der deutschen Grenze und hat ein Hinterland von mehr als 80 Millionen Einwohnern. Ein idealer Standort f\u00fcr Gesch\u00e4ftsreisende und Urlauber, die die Stadt und die (eu-)Region erkunden m\u00f6chten.<\/p>\t\t\t\t\t<\/div>\n\t\t\t\t\t\t<\/div>\n\t\t\t\t<\/div>\n\t\t\t\t\t\t<\/div>\n\t\t\t\t\t<\/div>\n\t\t<\/div>\n\t\t\t\t\t\t\t\t<\/div>\n\t\t\t\t\t<\/div>\n\t\t<\/section>\n\t\t\t\t\t\t<\/div>\n\t\t\t\t\t<\/div>\n\t\t<\/div>\n\t\t\t\t\t\t\t\t<\/div>\n\t\t\t\t\t<\/div>\n\t\t<\/section>\n\t\t\t\t\t\t\t\t\t<\/div>\n\t\t\t<\/div>\n\t\t\t\t\t<\/div>","protected":false},"excerpt":{"rendered":"<p>Vervoer&nbsp;luchthaven Venlo is logistieke hotspot nummer \u00e9\u00e9n van Nederland en is dus uitstekend bereikbaar via directe aansluitingen A73, A74 en A67. Het Theaterhotel ligt in een stad die grenst aan de luchthavens van Weeze (30 minuten), D\u00fcsseldorf (35 minuten) Eindhoven (40 minuten) en Maastricht (45 minuten). Venlo ligt aan de Duitse grens en kent een &hellip;<\/p>\n<p class=\"read-more\"> <a class=\"\" href=\"https:\/\/www.theaterhotelvenlo.nl\/de\/vervoer-luchthaven\/\"> <span class=\"screen-reader-text\">Flughafentransport<\/span> Weiterlesen &raquo;<\/a><\/p>","protected":false},"author":10,"featured_media":0,"parent":0,"menu_order":0,"comment_status":"closed","ping_status":"closed","template":"","meta":{"site-sidebar-layout":"no-sidebar","site-content-layout":"page-builder","ast-global-header-display":"","ast-main-header-display":"disabled","ast-hfb-above-header-display":"","ast-hfb-below-header-display":"","ast-hfb-mobile-header-display":"disabled","site-post-title":"disabled","ast-breadcrumbs-content":"disabled","ast-featured-img":"disabled","footer-sml-layout":"disabled","theme-transparent-header-meta":"default","adv-header-id-meta":"","stick-header-meta":"","header-above-stick-meta":"","header-main-stick-meta":"","header-below-stick-meta":""},"yoast_head":"<!-- This site is optimized with the Yoast SEO plugin v17.6 - https:\/\/yoast.com\/wordpress\/plugins\/seo\/ -->\n<title>Vervoer luchthaven | Theaterhotel Venlo<\/title>\n<meta name=\"description\" content=\"Venlo is logistieke hotspot nummer \u00e9\u00e9n van Nederland en is dus uitstekend bereikbaar via directe aansluitingen A73, A74 en A67.\" \/>\n<meta name=\"robots\" content=\"index, follow, max-snippet:-1, max-image-preview:large, max-video-preview:-1\" \/>\n<link rel=\"canonical\" href=\"https:\/\/www.theaterhotelvenlo.nl\/de\/vervoer-luchthaven\/\" \/>\n<meta property=\"og:locale\" content=\"de_DE\" \/>\n<meta property=\"og:type\" content=\"article\" \/>\n<meta property=\"og:title\" content=\"Vervoer luchthaven | Theaterhotel Venlo\" \/>\n<meta property=\"og:description\" content=\"Venlo is logistieke hotspot nummer \u00e9\u00e9n van Nederland en is dus uitstekend bereikbaar via directe aansluitingen A73, A74 en A67.\" \/>\n<meta property=\"og:url\" content=\"https:\/\/www.theaterhotelvenlo.nl\/de\/vervoer-luchthaven\/\" \/>\n<meta property=\"og:site_name\" content=\"Theaterhotel Venlo\" \/>\n<meta property=\"article:publisher\" content=\"https:\/\/www.facebook.com\/theaterhotelvenlo\" \/>\n<meta property=\"article:modified_time\" content=\"2021-11-27T11:00:20+00:00\" \/>\n<meta property=\"og:image\" content=\"https:\/\/www.theaterhotelvenlo.nl\/wp-content\/uploads\/2021\/05\/viersterren-1.png\" \/>\n<meta name=\"twitter:card\" content=\"summary\" \/>\n<meta name=\"twitter:site\" content=\"@theaterhotelvenlo\" \/>\n<meta name=\"twitter:label1\" content=\"Gesch\u00e4tzte Lesezeit\" \/>\n\t<meta name=\"twitter:data1\" content=\"2 Minuten\" \/>\n<script type=\"application\/ld+json\" class=\"yoast-schema-graph\">{\"@context\":\"https:\/\/schema.org\",\"@graph\":[{\"@type\":\"Organization\",\"@id\":\"https:\/\/www.theaterhotelvenlo.nl\/#organization\",\"name\":\"Theaterhotel Venlo\",\"url\":\"https:\/\/www.theaterhotelvenlo.nl\/\",\"sameAs\":[\"https:\/\/www.facebook.com\/theaterhotelvenlo\",\"https:\/\/www.instagram.com\/theaterhotelvenlo\/\",\"https:\/\/www.linkedin.com\/company\/theaterhotel-venlo\",\"https:\/\/twitter.com\/theaterhotelvenlo\"],\"logo\":{\"@type\":\"ImageObject\",\"@id\":\"https:\/\/www.theaterhotelvenlo.nl\/#logo\",\"inLanguage\":\"de-DE\",\"url\":\"https:\/\/www.theaterhotelvenlo.nl\/wp-content\/uploads\/2021\/11\/Hotel-Venlo-TheaterhotelVenlo.svg\",\"contentUrl\":\"https:\/\/www.theaterhotelvenlo.nl\/wp-content\/uploads\/2021\/11\/Hotel-Venlo-TheaterhotelVenlo.svg\",\"width\":454,\"height\":259,\"caption\":\"Theaterhotel Venlo\"},\"image\":{\"@id\":\"https:\/\/www.theaterhotelvenlo.nl\/#logo\"}},{\"@type\":\"WebSite\",\"@id\":\"https:\/\/www.theaterhotelvenlo.nl\/#website\",\"url\":\"https:\/\/www.theaterhotelvenlo.nl\/\",\"name\":\"Theaterhotel Venlo\",\"description\":\"Met meest centrale hotel van Venlo\",\"publisher\":{\"@id\":\"https:\/\/www.theaterhotelvenlo.nl\/#organization\"},\"potentialAction\":[{\"@type\":\"SearchAction\",\"target\":{\"@type\":\"EntryPoint\",\"urlTemplate\":\"https:\/\/www.theaterhotelvenlo.nl\/?s={search_term_string}\"},\"query-input\":\"required name=search_term_string\"}],\"inLanguage\":\"de-DE\"},{\"@type\":\"ImageObject\",\"@id\":\"https:\/\/www.theaterhotelvenlo.nl\/vervoer-luchthaven\/#primaryimage\",\"inLanguage\":\"de-DE\",\"url\":\"https:\/\/www.theaterhotelvenlo.nl\/wp-content\/uploads\/2021\/05\/viersterren-1.png\",\"contentUrl\":\"https:\/\/www.theaterhotelvenlo.nl\/wp-content\/uploads\/2021\/05\/viersterren-1.png\",\"width\":750,\"height\":405},{\"@type\":\"WebPage\",\"@id\":\"https:\/\/www.theaterhotelvenlo.nl\/vervoer-luchthaven\/#webpage\",\"url\":\"https:\/\/www.theaterhotelvenlo.nl\/vervoer-luchthaven\/\",\"name\":\"Vervoer luchthaven | Theaterhotel Venlo\",\"isPartOf\":{\"@id\":\"https:\/\/www.theaterhotelvenlo.nl\/#website\"},\"primaryImageOfPage\":{\"@id\":\"https:\/\/www.theaterhotelvenlo.nl\/vervoer-luchthaven\/#primaryimage\"},\"datePublished\":\"2021-03-10T11:07:06+00:00\",\"dateModified\":\"2021-11-27T11:00:20+00:00\",\"description\":\"Venlo is logistieke hotspot nummer \\u00e9\\u00e9n van Nederland en is dus uitstekend bereikbaar via directe aansluitingen A73, A74 en A67.\",\"breadcrumb\":{\"@id\":\"https:\/\/www.theaterhotelvenlo.nl\/vervoer-luchthaven\/#breadcrumb\"},\"inLanguage\":\"de-DE\",\"potentialAction\":[{\"@type\":\"ReadAction\",\"target\":[\"https:\/\/www.theaterhotelvenlo.nl\/vervoer-luchthaven\/\"]}]},{\"@type\":\"BreadcrumbList\",\"@id\":\"https:\/\/www.theaterhotelvenlo.nl\/vervoer-luchthaven\/#breadcrumb\",\"itemListElement\":[{\"@type\":\"ListItem\",\"position\":1,\"name\":\"Home\",\"item\":\"https:\/\/www.theaterhotelvenlo.nl\/\"},{\"@type\":\"ListItem\",\"position\":2,\"name\":\"Vervoer luchthaven\"}]}]}<\/script>\n<!-- \/ Yoast SEO plugin. -->","yoast_head_json":{"title":"Vervoer luchthaven | Theaterhotel Venlo","description":"Venlo is logistieke hotspot nummer \u00e9\u00e9n van Nederland en is dus uitstekend bereikbaar via directe aansluitingen A73, A74 en A67.","robots":{"index":"index","follow":"follow","max-snippet":"max-snippet:-1","max-image-preview":"max-image-preview:large","max-video-preview":"max-video-preview:-1"},"canonical":"https:\/\/www.theaterhotelvenlo.nl\/de\/vervoer-luchthaven\/","og_locale":"de_DE","og_type":"article","og_title":"Vervoer luchthaven | Theaterhotel Venlo","og_description":"Venlo is logistieke hotspot nummer \u00e9\u00e9n van Nederland en is dus uitstekend bereikbaar via directe aansluitingen A73, A74 en A67.","og_url":"https:\/\/www.theaterhotelvenlo.nl\/de\/vervoer-luchthaven\/","og_site_name":"Theaterhotel Venlo","article_publisher":"https:\/\/www.facebook.com\/theaterhotelvenlo","article_modified_time":"2021-11-27T11:00:20+00:00","og_image":[{"url":"https:\/\/www.theaterhotelvenlo.nl\/wp-content\/uploads\/2021\/05\/viersterren-1.png"}],"twitter_card":"summary","twitter_site":"@theaterhotelvenlo","twitter_misc":{"Gesch\u00e4tzte Lesezeit":"2 Minuten"},"schema":{"@context":"https:\/\/schema.org","@graph":[{"@type":"Organization","@id":"https:\/\/www.theaterhotelvenlo.nl\/#organization","name":"Theaterhotel Venlo","url":"https:\/\/www.theaterhotelvenlo.nl\/","sameAs":["https:\/\/www.facebook.com\/theaterhotelvenlo","https:\/\/www.instagram.com\/theaterhotelvenlo\/","https:\/\/www.linkedin.com\/company\/theaterhotel-venlo","https:\/\/twitter.com\/theaterhotelvenlo"],"logo":{"@type":"ImageObject","@id":"https:\/\/www.theaterhotelvenlo.nl\/#logo","inLanguage":"de-DE","url":"https:\/\/www.theaterhotelvenlo.nl\/wp-content\/uploads\/2021\/11\/Hotel-Venlo-TheaterhotelVenlo.svg","contentUrl":"https:\/\/www.theaterhotelvenlo.nl\/wp-content\/uploads\/2021\/11\/Hotel-Venlo-TheaterhotelVenlo.svg","width":454,"height":259,"caption":"Theaterhotel Venlo"},"image":{"@id":"https:\/\/www.theaterhotelvenlo.nl\/#logo"}},{"@type":"WebSite","@id":"https:\/\/www.theaterhotelvenlo.nl\/#website","url":"https:\/\/www.theaterhotelvenlo.nl\/","name":"Theaterhotel Venlo","description":"Met meest centrale hotel van Venlo","publisher":{"@id":"https:\/\/www.theaterhotelvenlo.nl\/#organization"},"potentialAction":[{"@type":"SearchAction","target":{"@type":"EntryPoint","urlTemplate":"https:\/\/www.theaterhotelvenlo.nl\/?s={search_term_string}"},"query-input":"required name=search_term_string"}],"inLanguage":"de-DE"},{"@type":"ImageObject","@id":"https:\/\/www.theaterhotelvenlo.nl\/vervoer-luchthaven\/#primaryimage","inLanguage":"de-DE","url":"https:\/\/www.theaterhotelvenlo.nl\/wp-content\/uploads\/2021\/05\/viersterren-1.png","contentUrl":"https:\/\/www.theaterhotelvenlo.nl\/wp-content\/uploads\/2021\/05\/viersterren-1.png","width":750,"height":405},{"@type":"WebPage","@id":"https:\/\/www.theaterhotelvenlo.nl\/vervoer-luchthaven\/#webpage","url":"https:\/\/www.theaterhotelvenlo.nl\/vervoer-luchthaven\/","name":"Vervoer luchthaven | Theaterhotel Venlo","isPartOf":{"@id":"https:\/\/www.theaterhotelvenlo.nl\/#website"},"primaryImageOfPage":{"@id":"https:\/\/www.theaterhotelvenlo.nl\/vervoer-luchthaven\/#primaryimage"},"datePublished":"2021-03-10T11:07:06+00:00","dateModified":"2021-11-27T11:00:20+00:00","description":"Venlo is logistieke hotspot nummer \u00e9\u00e9n van Nederland en is dus uitstekend bereikbaar via directe aansluitingen A73, A74 en A67.","breadcrumb":{"@id":"https:\/\/www.theaterhotelvenlo.nl\/vervoer-luchthaven\/#breadcrumb"},"inLanguage":"de-DE","potentialAction":[{"@type":"ReadAction","target":["https:\/\/www.theaterhotelvenlo.nl\/vervoer-luchthaven\/"]}]},{"@type":"BreadcrumbList","@id":"https:\/\/www.theaterhotelvenlo.nl\/vervoer-luchthaven\/#breadcrumb","itemListElement":[{"@type":"ListItem","position":1,"name":"Home","item":"https:\/\/www.theaterhotelvenlo.nl\/"},{"@type":"ListItem","position":2,"name":"Vervoer luchthaven"}]}]}},"_links":{"self":[{"href":"https:\/\/www.theaterhotelvenlo.nl\/de\/wp-json\/wp\/v2\/pages\/4225"}],"collection":[{"href":"https:\/\/www.theaterhotelvenlo.nl\/de\/wp-json\/wp\/v2\/pages"}],"about":[{"href":"https:\/\/www.theaterhotelvenlo.nl\/de\/wp-json\/wp\/v2\/types\/page"}],"author":[{"embeddable":true,"href":"https:\/\/www.theaterhotelvenlo.nl\/de\/wp-json\/wp\/v2\/users\/10"}],"replies":[{"embeddable":true,"href":"https:\/\/www.theaterhotelvenlo.nl\/de\/wp-json\/wp\/v2\/comments?post=4225"}],"version-history":[{"count":20,"href":"https:\/\/www.theaterhotelvenlo.nl\/de\/wp-json\/wp\/v2\/pages\/4225\/revisions"}],"predecessor-version":[{"id":6586,"href":"https:\/\/www.theaterhotelvenlo.nl\/de\/wp-json\/wp\/v2\/pages\/4225\/revisions\/6586"}],"wp:attachment":[{"href":"https:\/\/www.theaterhotelvenlo.nl\/de\/wp-json\/wp\/v2\/media?parent=4225"}],"curies":[{"name":"wp","href":"https:\/\/api.w.org\/{rel}","templated":true}]}}