{"id":4237,"date":"2021-03-10T12:10:03","date_gmt":"2021-03-10T11:10:03","guid":{"rendered":"https:\/\/www.theaterhotelvenlo.nl\/?page_id=4237"},"modified":"2021-11-27T11:58:34","modified_gmt":"2021-11-27T10:58:34","slug":"uniforme-voorwaarden-horeca","status":"publish","type":"page","link":"https:\/\/www.theaterhotelvenlo.nl\/de\/uniforme-voorwaarden-horeca\/","title":{"rendered":"Einheitliche Bedingungen Gastfreundschaft"},"content":{"rendered":"<div data-elementor-type=\"wp-page\" data-elementor-id=\"4237\" class=\"elementor elementor-4237\">\n\t\t\t\t\t\t<div class=\"elementor-inner\">\n\t\t\t\t<div class=\"elementor-section-wrap\">\n\t\t\t\t\t\t\t\t\t<section class=\"elementor-section elementor-top-section elementor-element elementor-element-1af06af8 elementor-section-full_width elementor-section-height-min-height elementor-section-items-bottom thvenloMaxheight elementor-section-height-default\" data-id=\"1af06af8\" data-element_type=\"section\" data-settings=\"{&quot;background_background&quot;:&quot;slideshow&quot;,&quot;background_slideshow_gallery&quot;:[{&quot;id&quot;:4364,&quot;url&quot;:&quot;https:\\\/\\\/www.theaterhotelvenlo.nl\\\/wp-content\\\/uploads\\\/2021\\\/03\\\/TheaterHotel-030718-09-2-1.jpg&quot;}],&quot;background_slideshow_loop&quot;:&quot;yes&quot;,&quot;background_slideshow_slide_duration&quot;:5000,&quot;background_slideshow_slide_transition&quot;:&quot;fade&quot;,&quot;background_slideshow_transition_duration&quot;:500}\">\n\t\t\t\t\t\t<div class=\"elementor-container elementor-column-gap-default\">\n\t\t\t\t\t\t\t<div class=\"elementor-row\">\n\t\t\t\t\t<div class=\"elementor-column elementor-col-100 elementor-top-column elementor-element elementor-element-1a170d5d\" data-id=\"1a170d5d\" data-element_type=\"column\" data-settings=\"{&quot;background_background&quot;:&quot;classic&quot;}\">\n\t\t\t<div class=\"elementor-column-wrap\">\n\t\t\t\t\t<div class=\"elementor-background-overlay\"><\/div>\n\t\t\t\t\t\t\t<div class=\"elementor-widget-wrap\">\n\t\t\t\t\t\t\t\t<\/div>\n\t\t\t\t\t<\/div>\n\t\t<\/div>\n\t\t\t\t\t\t\t\t<\/div>\n\t\t\t\t\t<\/div>\n\t\t<\/section>\n\t\t\t\t<section class=\"elementor-section elementor-top-section elementor-element elementor-element-75ce5462 elementor-section-full_width elementor-section-content-middle elementor-section-height-min-height elementor-section-height-default elementor-section-items-middle\" data-id=\"75ce5462\" data-element_type=\"section\" data-settings=\"{&quot;background_background&quot;:&quot;classic&quot;}\">\n\t\t\t\t\t\t<div class=\"elementor-container elementor-column-gap-no\">\n\t\t\t\t\t\t\t<div class=\"elementor-row\">\n\t\t\t\t\t<div class=\"elementor-column elementor-col-25 elementor-top-column elementor-element elementor-element-24cc2653\" data-id=\"24cc2653\" data-element_type=\"column\" data-settings=\"{&quot;background_background&quot;:&quot;classic&quot;}\">\n\t\t\t<div class=\"elementor-column-wrap elementor-element-populated\">\n\t\t\t\t\t\t\t<div class=\"elementor-widget-wrap\">\n\t\t\t\t\t\t<div class=\"elementor-element elementor-element-75740484 elementor-widget elementor-widget-image\" data-id=\"75740484\" data-element_type=\"widget\" data-widget_type=\"image.default\">\n\t\t\t\t<div class=\"elementor-widget-container\">\n\t\t\t\t\t\t\t\t<div class=\"elementor-image\">\n\t\t\t\t\t\t\t\t\t\t\t\t<img decoding=\"async\" width=\"750\" height=\"405\" src=\"https:\/\/www.theaterhotelvenlo.nl\/wp-content\/uploads\/2021\/05\/viersterren-1.png\" class=\"attachment-large size-large wp-image-5522\" alt=\"\" loading=\"lazy\" srcset=\"https:\/\/www.theaterhotelvenlo.nl\/wp-content\/uploads\/2021\/05\/viersterren-1.png 750w, https:\/\/www.theaterhotelvenlo.nl\/wp-content\/uploads\/2021\/05\/viersterren-1-300x162.png 300w\" sizes=\"(max-width: 750px) 100vw, 750px\" \/>\t\t\t\t\t\t\t\t\t\t\t\t\t\t<\/div>\n\t\t\t\t\t\t<\/div>\n\t\t\t\t<\/div>\n\t\t\t\t\t\t<\/div>\n\t\t\t\t\t<\/div>\n\t\t<\/div>\n\t\t\t\t<div class=\"elementor-column elementor-col-25 elementor-top-column elementor-element elementor-element-d5d07c8\" data-id=\"d5d07c8\" data-element_type=\"column\" data-settings=\"{&quot;background_background&quot;:&quot;classic&quot;}\">\n\t\t\t<div class=\"elementor-column-wrap elementor-element-populated\">\n\t\t\t\t\t\t\t<div class=\"elementor-widget-wrap\">\n\t\t\t\t\t\t<div class=\"elementor-element elementor-element-6720d0a9 elementor-widget elementor-widget-image\" data-id=\"6720d0a9\" data-element_type=\"widget\" data-widget_type=\"image.default\">\n\t\t\t\t<div class=\"elementor-widget-container\">\n\t\t\t\t\t\t\t\t<div class=\"elementor-image\">\n\t\t\t\t\t\t\t\t\t\t\t\t<img decoding=\"async\" width=\"1024\" height=\"429\" src=\"https:\/\/www.theaterhotelvenlo.nl\/wp-content\/uploads\/2021\/05\/Booking.com-rating-1024x429.png\" class=\"attachment-large size-large wp-image-5523\" alt=\"\" loading=\"lazy\" srcset=\"https:\/\/www.theaterhotelvenlo.nl\/wp-content\/uploads\/2021\/05\/Booking.com-rating-1024x429.png 1024w, https:\/\/www.theaterhotelvenlo.nl\/wp-content\/uploads\/2021\/05\/Booking.com-rating-300x126.png 300w, https:\/\/www.theaterhotelvenlo.nl\/wp-content\/uploads\/2021\/05\/Booking.com-rating-768x321.png 768w, https:\/\/www.theaterhotelvenlo.nl\/wp-content\/uploads\/2021\/05\/Booking.com-rating.png 1276w\" sizes=\"(max-width: 1024px) 100vw, 1024px\" \/>\t\t\t\t\t\t\t\t\t\t\t\t\t\t<\/div>\n\t\t\t\t\t\t<\/div>\n\t\t\t\t<\/div>\n\t\t\t\t\t\t<\/div>\n\t\t\t\t\t<\/div>\n\t\t<\/div>\n\t\t\t\t<div class=\"elementor-column elementor-col-25 elementor-top-column elementor-element elementor-element-4fd54d0e\" data-id=\"4fd54d0e\" data-element_type=\"column\" data-settings=\"{&quot;background_background&quot;:&quot;classic&quot;}\">\n\t\t\t<div class=\"elementor-column-wrap elementor-element-populated\">\n\t\t\t\t\t\t\t<div class=\"elementor-widget-wrap\">\n\t\t\t\t\t\t<div class=\"elementor-element elementor-element-722db6f4 elementor-widget elementor-widget-image\" data-id=\"722db6f4\" data-element_type=\"widget\" data-widget_type=\"image.default\">\n\t\t\t\t<div class=\"elementor-widget-container\">\n\t\t\t\t\t\t\t\t<div class=\"elementor-image\">\n\t\t\t\t\t\t\t\t\t\t\t\t<img decoding=\"async\" width=\"1024\" height=\"429\" src=\"https:\/\/www.theaterhotelvenlo.nl\/wp-content\/uploads\/2021\/05\/luxury-lifestyle-award-1024x429.png\" class=\"attachment-large size-large wp-image-5521\" alt=\"\" loading=\"lazy\" srcset=\"https:\/\/www.theaterhotelvenlo.nl\/wp-content\/uploads\/2021\/05\/luxury-lifestyle-award-1024x429.png 1024w, https:\/\/www.theaterhotelvenlo.nl\/wp-content\/uploads\/2021\/05\/luxury-lifestyle-award-300x126.png 300w, https:\/\/www.theaterhotelvenlo.nl\/wp-content\/uploads\/2021\/05\/luxury-lifestyle-award-768x321.png 768w, https:\/\/www.theaterhotelvenlo.nl\/wp-content\/uploads\/2021\/05\/luxury-lifestyle-award.png 1276w\" sizes=\"(max-width: 1024px) 100vw, 1024px\" \/>\t\t\t\t\t\t\t\t\t\t\t\t\t\t<\/div>\n\t\t\t\t\t\t<\/div>\n\t\t\t\t<\/div>\n\t\t\t\t\t\t<\/div>\n\t\t\t\t\t<\/div>\n\t\t<\/div>\n\t\t\t\t<div class=\"elementor-column elementor-col-25 elementor-top-column elementor-element elementor-element-4caafb09\" data-id=\"4caafb09\" data-element_type=\"column\" data-settings=\"{&quot;background_background&quot;:&quot;classic&quot;}\">\n\t\t\t<div class=\"elementor-column-wrap elementor-element-populated\">\n\t\t\t\t\t\t\t<div class=\"elementor-widget-wrap\">\n\t\t\t\t\t\t<div class=\"elementor-element elementor-element-639fe360 elementor-widget elementor-widget-image\" data-id=\"639fe360\" data-element_type=\"widget\" data-widget_type=\"image.default\">\n\t\t\t\t<div class=\"elementor-widget-container\">\n\t\t\t\t\t\t\t\t<div class=\"elementor-image\">\n\t\t\t\t\t\t\t\t\t\t\t\t<img decoding=\"async\" width=\"1024\" height=\"429\" src=\"https:\/\/www.theaterhotelvenlo.nl\/wp-content\/uploads\/2021\/05\/hotello-top-2021-1024x429.png\" class=\"attachment-large size-large wp-image-5524\" alt=\"\" loading=\"lazy\" srcset=\"https:\/\/www.theaterhotelvenlo.nl\/wp-content\/uploads\/2021\/05\/hotello-top-2021-1024x429.png 1024w, https:\/\/www.theaterhotelvenlo.nl\/wp-content\/uploads\/2021\/05\/hotello-top-2021-300x126.png 300w, https:\/\/www.theaterhotelvenlo.nl\/wp-content\/uploads\/2021\/05\/hotello-top-2021-768x321.png 768w, https:\/\/www.theaterhotelvenlo.nl\/wp-content\/uploads\/2021\/05\/hotello-top-2021.png 1276w\" sizes=\"(max-width: 1024px) 100vw, 1024px\" \/>\t\t\t\t\t\t\t\t\t\t\t\t\t\t<\/div>\n\t\t\t\t\t\t<\/div>\n\t\t\t\t<\/div>\n\t\t\t\t\t\t<\/div>\n\t\t\t\t\t<\/div>\n\t\t<\/div>\n\t\t\t\t\t\t\t\t<\/div>\n\t\t\t\t\t<\/div>\n\t\t<\/section>\n\t\t\t\t<section class=\"elementor-section elementor-top-section elementor-element elementor-element-41392d98 elementor-section-full_width elementor-section-height-default elementor-section-height-default\" data-id=\"41392d98\" data-element_type=\"section\" data-settings=\"{&quot;background_background&quot;:&quot;classic&quot;}\">\n\t\t\t\t\t\t<div class=\"elementor-container elementor-column-gap-no\">\n\t\t\t\t\t\t\t<div class=\"elementor-row\">\n\t\t\t\t\t<div class=\"elementor-column elementor-col-100 elementor-top-column elementor-element elementor-element-31bdc5a9\" data-id=\"31bdc5a9\" data-element_type=\"column\" data-settings=\"{&quot;background_background&quot;:&quot;classic&quot;}\">\n\t\t\t<div class=\"elementor-column-wrap elementor-element-populated\">\n\t\t\t\t\t\t\t<div class=\"elementor-widget-wrap\">\n\t\t\t\t\t\t<div class=\"elementor-element elementor-element-1d9c4440 elementor-widget elementor-widget-text-editor\" data-id=\"1d9c4440\" data-element_type=\"widget\" data-widget_type=\"text-editor.default\">\n\t\t\t\t<div class=\"elementor-widget-container\">\n\t\t\t\t\t\t\t\t<div class=\"elementor-text-editor elementor-clearfix\">\n\t\t\t\t<b>Einheitliche Bedingungen Catering<\/b>\t\t\t\t\t<\/div>\n\t\t\t\t\t\t<\/div>\n\t\t\t\t<\/div>\n\t\t\t\t<div class=\"elementor-element elementor-element-12b46a2f elementor-widget elementor-widget-text-editor\" data-id=\"12b46a2f\" data-element_type=\"widget\" data-widget_type=\"text-editor.default\">\n\t\t\t\t<div class=\"elementor-widget-container\">\n\t\t\t\t\t\t\t\t<div class=\"elementor-text-editor elementor-clearfix\">\n\t\t\t\t<p>Nachfolgend finden Sie die einheitlichen Bedingungen f\u00fcr Horeca von Koninklijke Horeca Nederland.<\/p><p>Alle Auftr\u00e4ge werden gem\u00e4\u00df den Uniforme Conditions Horeca, die im Hotel zur Einsichtnahme ausliegen, angenommen und ausgef\u00fchrt. Oder sehen Sie es sich \u00fcber die folgenden Links an:<br \/>&#8211; Nederlands: <a style=\"color: white; font-weight: bold;\" href=\"http:\/\/www.khn.nl\/uvh-nl\">www.khn.nl\/uvh-nl<\/a><br \/>&#8211; English: <a style=\"color: white; font-weight: bold;\" href=\"http:\/\/www.khn.nl\/uvh-en\">www.khn.nl\/uvh-en<\/a><br \/>&#8211; Deutsch: <a style=\"color: white; font-weight: bold;\" href=\"http:\/\/www.khn.nl\/uvh-du\">www.khn.nl\/uvh-du<\/a><\/p>\t\t\t\t\t<\/div>\n\t\t\t\t\t\t<\/div>\n\t\t\t\t<\/div>\n\t\t\t\t\t\t<\/div>\n\t\t\t\t\t<\/div>\n\t\t<\/div>\n\t\t\t\t\t\t\t\t<\/div>\n\t\t\t\t\t<\/div>\n\t\t<\/section>\n\t\t\t\t\t\t\t\t\t<\/div>\n\t\t\t<\/div>\n\t\t\t\t\t<\/div>","protected":false},"excerpt":{"rendered":"<p>Uniforme voorwaarden horeca Onderstaand vindt u de Uniforme Voorwaarden Horeca van Koninklijke Horeca Nederland. Alle opdrachten worden aanvaard en uitgevoerd overeenkomstig de Uniforme Voorwaarden Horeca, deze liggen tot inzage in het hotel. Of in te zien via deze onderstaande links: &#8211; Nederlands: www.khn.nl\/uvh-nl &#8211; English: www.khn.nl\/uvh-en &#8211; Deutsch: www.khn.nl\/uvh-du<\/p>","protected":false},"author":10,"featured_media":0,"parent":0,"menu_order":0,"comment_status":"closed","ping_status":"closed","template":"","meta":{"site-sidebar-layout":"no-sidebar","site-content-layout":"page-builder","ast-global-header-display":"","ast-main-header-display":"disabled","ast-hfb-above-header-display":"","ast-hfb-below-header-display":"","ast-hfb-mobile-header-display":"disabled","site-post-title":"disabled","ast-breadcrumbs-content":"disabled","ast-featured-img":"disabled","footer-sml-layout":"disabled","theme-transparent-header-meta":"default","adv-header-id-meta":"","stick-header-meta":"","header-above-stick-meta":"","header-main-stick-meta":"","header-below-stick-meta":""},"yoast_head":"<!-- This site is optimized with the Yoast SEO plugin v17.6 - https:\/\/yoast.com\/wordpress\/plugins\/seo\/ -->\n<title>Uniforme Voorwaarden Horeca | Theaterhotel Venlo<\/title>\n<meta name=\"description\" content=\"Op deze pagina vindt u de Uniforme Voorwaarden Horeca van Koninklijke Horeca Nederland. Deze liggen ook ter inzage in het Hotel.\" \/>\n<meta name=\"robots\" content=\"index, follow, max-snippet:-1, max-image-preview:large, max-video-preview:-1\" \/>\n<link rel=\"canonical\" href=\"https:\/\/www.theaterhotelvenlo.nl\/de\/uniforme-voorwaarden-horeca\/\" \/>\n<meta property=\"og:locale\" content=\"de_DE\" \/>\n<meta property=\"og:type\" content=\"article\" \/>\n<meta property=\"og:title\" content=\"Uniforme Voorwaarden Horeca | Theaterhotel Venlo\" \/>\n<meta property=\"og:description\" content=\"Op deze pagina vindt u de Uniforme Voorwaarden Horeca van Koninklijke Horeca Nederland. Deze liggen ook ter inzage in het Hotel.\" \/>\n<meta property=\"og:url\" content=\"https:\/\/www.theaterhotelvenlo.nl\/de\/uniforme-voorwaarden-horeca\/\" \/>\n<meta property=\"og:site_name\" content=\"Theaterhotel Venlo\" \/>\n<meta property=\"article:publisher\" content=\"https:\/\/www.facebook.com\/theaterhotelvenlo\" \/>\n<meta property=\"article:modified_time\" content=\"2021-11-27T10:58:34+00:00\" \/>\n<meta property=\"og:image\" content=\"https:\/\/www.theaterhotelvenlo.nl\/wp-content\/uploads\/2021\/05\/viersterren-1.png\" \/>\n<meta name=\"twitter:card\" content=\"summary\" \/>\n<meta name=\"twitter:site\" content=\"@theaterhotelvenlo\" \/>\n<meta name=\"twitter:label1\" content=\"Gesch\u00e4tzte Lesezeit\" \/>\n\t<meta name=\"twitter:data1\" content=\"2 Minuten\" \/>\n<script type=\"application\/ld+json\" class=\"yoast-schema-graph\">{\"@context\":\"https:\/\/schema.org\",\"@graph\":[{\"@type\":\"Organization\",\"@id\":\"https:\/\/www.theaterhotelvenlo.nl\/#organization\",\"name\":\"Theaterhotel Venlo\",\"url\":\"https:\/\/www.theaterhotelvenlo.nl\/\",\"sameAs\":[\"https:\/\/www.facebook.com\/theaterhotelvenlo\",\"https:\/\/www.instagram.com\/theaterhotelvenlo\/\",\"https:\/\/www.linkedin.com\/company\/theaterhotel-venlo\",\"https:\/\/twitter.com\/theaterhotelvenlo\"],\"logo\":{\"@type\":\"ImageObject\",\"@id\":\"https:\/\/www.theaterhotelvenlo.nl\/#logo\",\"inLanguage\":\"de-DE\",\"url\":\"https:\/\/www.theaterhotelvenlo.nl\/wp-content\/uploads\/2021\/11\/Hotel-Venlo-TheaterhotelVenlo.svg\",\"contentUrl\":\"https:\/\/www.theaterhotelvenlo.nl\/wp-content\/uploads\/2021\/11\/Hotel-Venlo-TheaterhotelVenlo.svg\",\"width\":454,\"height\":259,\"caption\":\"Theaterhotel Venlo\"},\"image\":{\"@id\":\"https:\/\/www.theaterhotelvenlo.nl\/#logo\"}},{\"@type\":\"WebSite\",\"@id\":\"https:\/\/www.theaterhotelvenlo.nl\/#website\",\"url\":\"https:\/\/www.theaterhotelvenlo.nl\/\",\"name\":\"Theaterhotel Venlo\",\"description\":\"Met meest centrale hotel van Venlo\",\"publisher\":{\"@id\":\"https:\/\/www.theaterhotelvenlo.nl\/#organization\"},\"potentialAction\":[{\"@type\":\"SearchAction\",\"target\":{\"@type\":\"EntryPoint\",\"urlTemplate\":\"https:\/\/www.theaterhotelvenlo.nl\/?s={search_term_string}\"},\"query-input\":\"required name=search_term_string\"}],\"inLanguage\":\"de-DE\"},{\"@type\":\"ImageObject\",\"@id\":\"https:\/\/www.theaterhotelvenlo.nl\/uniforme-voorwaarden-horeca\/#primaryimage\",\"inLanguage\":\"de-DE\",\"url\":\"https:\/\/www.theaterhotelvenlo.nl\/wp-content\/uploads\/2021\/05\/viersterren-1.png\",\"contentUrl\":\"https:\/\/www.theaterhotelvenlo.nl\/wp-content\/uploads\/2021\/05\/viersterren-1.png\",\"width\":750,\"height\":405},{\"@type\":\"WebPage\",\"@id\":\"https:\/\/www.theaterhotelvenlo.nl\/uniforme-voorwaarden-horeca\/#webpage\",\"url\":\"https:\/\/www.theaterhotelvenlo.nl\/uniforme-voorwaarden-horeca\/\",\"name\":\"Uniforme Voorwaarden Horeca | Theaterhotel Venlo\",\"isPartOf\":{\"@id\":\"https:\/\/www.theaterhotelvenlo.nl\/#website\"},\"primaryImageOfPage\":{\"@id\":\"https:\/\/www.theaterhotelvenlo.nl\/uniforme-voorwaarden-horeca\/#primaryimage\"},\"datePublished\":\"2021-03-10T11:10:03+00:00\",\"dateModified\":\"2021-11-27T10:58:34+00:00\",\"description\":\"Op deze pagina vindt u de Uniforme Voorwaarden Horeca van Koninklijke Horeca Nederland. Deze liggen ook ter inzage in het Hotel.\",\"breadcrumb\":{\"@id\":\"https:\/\/www.theaterhotelvenlo.nl\/uniforme-voorwaarden-horeca\/#breadcrumb\"},\"inLanguage\":\"de-DE\",\"potentialAction\":[{\"@type\":\"ReadAction\",\"target\":[\"https:\/\/www.theaterhotelvenlo.nl\/uniforme-voorwaarden-horeca\/\"]}]},{\"@type\":\"BreadcrumbList\",\"@id\":\"https:\/\/www.theaterhotelvenlo.nl\/uniforme-voorwaarden-horeca\/#breadcrumb\",\"itemListElement\":[{\"@type\":\"ListItem\",\"position\":1,\"name\":\"Home\",\"item\":\"https:\/\/www.theaterhotelvenlo.nl\/\"},{\"@type\":\"ListItem\",\"position\":2,\"name\":\"Uniforme Voorwaarden Horeca\"}]}]}<\/script>\n<!-- \/ Yoast SEO plugin. -->","yoast_head_json":{"title":"Uniforme Voorwaarden Horeca | Theaterhotel Venlo","description":"Op deze pagina vindt u de Uniforme Voorwaarden Horeca van Koninklijke Horeca Nederland. Deze liggen ook ter inzage in het Hotel.","robots":{"index":"index","follow":"follow","max-snippet":"max-snippet:-1","max-image-preview":"max-image-preview:large","max-video-preview":"max-video-preview:-1"},"canonical":"https:\/\/www.theaterhotelvenlo.nl\/de\/uniforme-voorwaarden-horeca\/","og_locale":"de_DE","og_type":"article","og_title":"Uniforme Voorwaarden Horeca | Theaterhotel Venlo","og_description":"Op deze pagina vindt u de Uniforme Voorwaarden Horeca van Koninklijke Horeca Nederland. Deze liggen ook ter inzage in het Hotel.","og_url":"https:\/\/www.theaterhotelvenlo.nl\/de\/uniforme-voorwaarden-horeca\/","og_site_name":"Theaterhotel Venlo","article_publisher":"https:\/\/www.facebook.com\/theaterhotelvenlo","article_modified_time":"2021-11-27T10:58:34+00:00","og_image":[{"url":"https:\/\/www.theaterhotelvenlo.nl\/wp-content\/uploads\/2021\/05\/viersterren-1.png"}],"twitter_card":"summary","twitter_site":"@theaterhotelvenlo","twitter_misc":{"Gesch\u00e4tzte Lesezeit":"2 Minuten"},"schema":{"@context":"https:\/\/schema.org","@graph":[{"@type":"Organization","@id":"https:\/\/www.theaterhotelvenlo.nl\/#organization","name":"Theaterhotel Venlo","url":"https:\/\/www.theaterhotelvenlo.nl\/","sameAs":["https:\/\/www.facebook.com\/theaterhotelvenlo","https:\/\/www.instagram.com\/theaterhotelvenlo\/","https:\/\/www.linkedin.com\/company\/theaterhotel-venlo","https:\/\/twitter.com\/theaterhotelvenlo"],"logo":{"@type":"ImageObject","@id":"https:\/\/www.theaterhotelvenlo.nl\/#logo","inLanguage":"de-DE","url":"https:\/\/www.theaterhotelvenlo.nl\/wp-content\/uploads\/2021\/11\/Hotel-Venlo-TheaterhotelVenlo.svg","contentUrl":"https:\/\/www.theaterhotelvenlo.nl\/wp-content\/uploads\/2021\/11\/Hotel-Venlo-TheaterhotelVenlo.svg","width":454,"height":259,"caption":"Theaterhotel Venlo"},"image":{"@id":"https:\/\/www.theaterhotelvenlo.nl\/#logo"}},{"@type":"WebSite","@id":"https:\/\/www.theaterhotelvenlo.nl\/#website","url":"https:\/\/www.theaterhotelvenlo.nl\/","name":"Theaterhotel Venlo","description":"Met meest centrale hotel van Venlo","publisher":{"@id":"https:\/\/www.theaterhotelvenlo.nl\/#organization"},"potentialAction":[{"@type":"SearchAction","target":{"@type":"EntryPoint","urlTemplate":"https:\/\/www.theaterhotelvenlo.nl\/?s={search_term_string}"},"query-input":"required name=search_term_string"}],"inLanguage":"de-DE"},{"@type":"ImageObject","@id":"https:\/\/www.theaterhotelvenlo.nl\/uniforme-voorwaarden-horeca\/#primaryimage","inLanguage":"de-DE","url":"https:\/\/www.theaterhotelvenlo.nl\/wp-content\/uploads\/2021\/05\/viersterren-1.png","contentUrl":"https:\/\/www.theaterhotelvenlo.nl\/wp-content\/uploads\/2021\/05\/viersterren-1.png","width":750,"height":405},{"@type":"WebPage","@id":"https:\/\/www.theaterhotelvenlo.nl\/uniforme-voorwaarden-horeca\/#webpage","url":"https:\/\/www.theaterhotelvenlo.nl\/uniforme-voorwaarden-horeca\/","name":"Uniforme Voorwaarden Horeca | Theaterhotel Venlo","isPartOf":{"@id":"https:\/\/www.theaterhotelvenlo.nl\/#website"},"primaryImageOfPage":{"@id":"https:\/\/www.theaterhotelvenlo.nl\/uniforme-voorwaarden-horeca\/#primaryimage"},"datePublished":"2021-03-10T11:10:03+00:00","dateModified":"2021-11-27T10:58:34+00:00","description":"Op deze pagina vindt u de Uniforme Voorwaarden Horeca van Koninklijke Horeca Nederland. Deze liggen ook ter inzage in het Hotel.","breadcrumb":{"@id":"https:\/\/www.theaterhotelvenlo.nl\/uniforme-voorwaarden-horeca\/#breadcrumb"},"inLanguage":"de-DE","potentialAction":[{"@type":"ReadAction","target":["https:\/\/www.theaterhotelvenlo.nl\/uniforme-voorwaarden-horeca\/"]}]},{"@type":"BreadcrumbList","@id":"https:\/\/www.theaterhotelvenlo.nl\/uniforme-voorwaarden-horeca\/#breadcrumb","itemListElement":[{"@type":"ListItem","position":1,"name":"Home","item":"https:\/\/www.theaterhotelvenlo.nl\/"},{"@type":"ListItem","position":2,"name":"Uniforme Voorwaarden Horeca"}]}]}},"_links":{"self":[{"href":"https:\/\/www.theaterhotelvenlo.nl\/de\/wp-json\/wp\/v2\/pages\/4237"}],"collection":[{"href":"https:\/\/www.theaterhotelvenlo.nl\/de\/wp-json\/wp\/v2\/pages"}],"about":[{"href":"https:\/\/www.theaterhotelvenlo.nl\/de\/wp-json\/wp\/v2\/types\/page"}],"author":[{"embeddable":true,"href":"https:\/\/www.theaterhotelvenlo.nl\/de\/wp-json\/wp\/v2\/users\/10"}],"replies":[{"embeddable":true,"href":"https:\/\/www.theaterhotelvenlo.nl\/de\/wp-json\/wp\/v2\/comments?post=4237"}],"version-history":[{"count":16,"href":"https:\/\/www.theaterhotelvenlo.nl\/de\/wp-json\/wp\/v2\/pages\/4237\/revisions"}],"predecessor-version":[{"id":6585,"href":"https:\/\/www.theaterhotelvenlo.nl\/de\/wp-json\/wp\/v2\/pages\/4237\/revisions\/6585"}],"wp:attachment":[{"href":"https:\/\/www.theaterhotelvenlo.nl\/de\/wp-json\/wp\/v2\/media?parent=4237"}],"curies":[{"name":"wp","href":"https:\/\/api.w.org\/{rel}","templated":true}]}}